{"id":42,"date":"2020-03-02T12:43:14","date_gmt":"2020-03-02T12:43:14","guid":{"rendered":"http:\/\/www.itgarage.ch\/?page_id=42"},"modified":"2026-03-24T10:36:31","modified_gmt":"2026-03-24T09:36:31","slug":"consultance","status":"publish","type":"page","link":"http:\/\/www.itgarage.ch\/index.php\/consultance\/","title":{"rendered":"Consultance"},"content":{"rendered":"\n<p>Ich f\u00f6rdere und arbeite seit \u00fcber 30 Jahren, Firmen und Anwender darin ihre IT mit Open-Source-Software (kurz OSS) zu betreiben.F\u00fcr OSS sprechen viele Fakten:<\/p>\n\n\n\n<ul class=\"wp-block-list\">\n<li>Digitale Souver\u00e4nit\u00e4t<\/li>\n\n\n\n<li>L\u00e4ngere Life-Cycles<\/li>\n\n\n\n<li>Transparenz<\/li>\n\n\n\n<li>Sicherheit<\/li>\n\n\n\n<li>Keine teuren Lizenzen<\/li>\n<\/ul>\n\n\n\n<p>Heute ist ein wichtiger Aspekt eine Idee m\u00f6glichst schnell umzusetzen. Dank OSS muss dazu nicht zuerst teure Software evaluiert und beschafft werden.<\/p>\n\n\n\n<p><\/p>\n","protected":false},"excerpt":{"rendered":"<p>Ich f\u00f6rdere und arbeite seit \u00fcber 30 Jahren, Firmen und Anwender darin ihre IT mit Open-Source-Software (kurz OSS) zu betreiben.F\u00fcr&hellip;<\/p>\n","protected":false},"author":1,"featured_media":31,"parent":0,"menu_order":0,"comment_status":"closed","ping_status":"closed","template":"","meta":{"footnotes":""},"class_list":["post-42","page","type-page","status-publish","has-post-thumbnail","hentry"],"_links":{"self":[{"href":"http:\/\/www.itgarage.ch\/index.php\/wp-json\/wp\/v2\/pages\/42","targetHints":{"allow":["GET"]}}],"collection":[{"href":"http:\/\/www.itgarage.ch\/index.php\/wp-json\/wp\/v2\/pages"}],"about":[{"href":"http:\/\/www.itgarage.ch\/index.php\/wp-json\/wp\/v2\/types\/page"}],"author":[{"embeddable":true,"href":"http:\/\/www.itgarage.ch\/index.php\/wp-json\/wp\/v2\/users\/1"}],"replies":[{"embeddable":true,"href":"http:\/\/www.itgarage.ch\/index.php\/wp-json\/wp\/v2\/comments?post=42"}],"version-history":[{"count":5,"href":"http:\/\/www.itgarage.ch\/index.php\/wp-json\/wp\/v2\/pages\/42\/revisions"}],"predecessor-version":[{"id":415,"href":"http:\/\/www.itgarage.ch\/index.php\/wp-json\/wp\/v2\/pages\/42\/revisions\/415"}],"wp:featuredmedia":[{"embeddable":true,"href":"http:\/\/www.itgarage.ch\/index.php\/wp-json\/wp\/v2\/media\/31"}],"wp:attachment":[{"href":"http:\/\/www.itgarage.ch\/index.php\/wp-json\/wp\/v2\/media?parent=42"}],"curies":[{"name":"wp","href":"https:\/\/api.w.org\/{rel}","templated":true}]}}